{"id":88,"date":"2022-03-06T17:30:42","date_gmt":"2022-03-06T16:30:42","guid":{"rendered":"http:\/\/ehdddjo.cluster031.hosting.ovh.net\/?page_id=88"},"modified":"2026-01-15T14:41:46","modified_gmt":"2026-01-15T13:41:46","slug":"mentions-legales","status":"publish","type":"page","link":"https:\/\/www.blandineschmit.fr\/en\/mentions-legales\/","title":{"rendered":"Mentions l\u00e9gales"},"content":{"rendered":"<div data-elementor-type=\"wp-page\" data-elementor-id=\"88\" class=\"elementor elementor-88\">\n\t\t\t\t\t\t<section class=\"elementor-section elementor-top-section elementor-element elementor-element-3c9185ad elementor-section-boxed elementor-section-height-default elementor-section-height-default\" data-id=\"3c9185ad\" data-element_type=\"section\" data-e-type=\"section\">\n\t\t\t\t\t\t<div class=\"elementor-container elementor-column-gap-default\">\n\t\t\t\t\t<div class=\"elementor-column elementor-col-100 elementor-top-column elementor-element elementor-element-7646a735\" data-id=\"7646a735\" data-element_type=\"column\" data-e-type=\"column\">\n\t\t\t<div class=\"elementor-widget-wrap elementor-element-populated\">\n\t\t\t\t\t\t<div class=\"elementor-element elementor-element-86963c3 elementor-widget elementor-widget-spacer\" data-id=\"86963c3\" data-element_type=\"widget\" data-e-type=\"widget\" data-widget_type=\"spacer.default\">\n\t\t\t\t\t\t\t<div class=\"elementor-spacer\">\n\t\t\t<div class=\"elementor-spacer-inner\"><\/div>\n\t\t<\/div>\n\t\t\t\t\t\t<\/div>\n\t\t\t\t<div class=\"elementor-element elementor-element-17da887c elementor-widget elementor-widget-text-editor\" data-id=\"17da887c\" data-element_type=\"widget\" data-e-type=\"widget\" data-widget_type=\"text-editor.default\">\n\t\t\t\t\t\t\t\t\t\n<h4 class=\"wp-block-heading has-text-align-center\">Editeur du site<\/h4>\n\n\n\n<p class=\"has-text-align-center\">Blandine Schmit<\/p>\n\n\n\n<p class=\"has-text-align-center\">1 Chemin Victor Forquenaux 51140 Bouvancourt &#8211; France<br>schmit.blandine@gmail.com \u2013 SIRET 892 928 656 00016<\/p>\n\n\n\n<h4 class=\"wp-block-heading has-text-align-center\"><strong>H\u00e9bergeur<\/strong> <\/h4>\n\n\n\n<p class=\"has-text-align-center\">OVH<\/p>\n\n\n\n<p class=\"has-text-align-center\"> 2 rue Kellermann 59100 Roubaix &#8211; France<\/p>\n\n\n\n<h4 class=\"wp-block-heading has-text-align-center\"><strong>Conditions g\u00e9n\u00e9rales d\u2019utilisation du site et des services propos\u00e9s<\/strong><\/h4>\n\n\n\n<p class=\"has-text-align-center\">Le Site constitue une \u0153uvre de l\u2019esprit prot\u00e9g\u00e9e par les dispositions du Code de la Propri\u00e9t\u00e9 Intellectuelle et des R\u00e9glementations Internationales applicables. Le Client ne peut en aucune mani\u00e8re r\u00e9utiliser, c\u00e9der ou exploiter pour son propre compte tout ou partie des \u00e9l\u00e9ments ou travaux du Site.<\/p>\n\n\n\n<p class=\"has-text-align-center\">L\u2019utilisation du site&nbsp;www.blandineschmit.fr implique l\u2019acceptation pleine et enti\u00e8re des conditions g\u00e9n\u00e9rales d\u2019utilisation ci-apr\u00e8s d\u00e9crites. <br>Ces conditions d\u2019utilisation sont susceptibles d\u2019\u00eatre modifi\u00e9es ou compl\u00e9t\u00e9es \u00e0 tout moment, les utilisateurs du site sont <br>donc invit\u00e9s \u00e0 les consulter de mani\u00e8re r\u00e9guli\u00e8re.<\/p>\n\n\n\n<h4 class=\"wp-block-heading has-text-align-center\"><strong>Propri\u00e9t\u00e9 intellectuelle et contrefa\u00e7ons<\/strong><\/h4>\n\n\n\n<p class=\"has-text-align-center\">Blandine Schmit est propri\u00e9taire des droits de propri\u00e9t\u00e9 intellectuelle et d\u00e9tient les droits d\u2019usage sur tous les \u00e9l\u00e9ments accessibles sur le site internet, notamment les textes, images, graphismes, logos, illustrations, ic\u00f4nes, produits num\u00e9riques et sons sauf indication contraire.<\/p>\n\n\n\n<p class=\"has-text-align-center\">Toute reproduction, repr\u00e9sentation, modification, publication, adaptation de tout ou partie des \u00e9l\u00e9ments du site, quel que soit le moyen ou le proc\u00e9d\u00e9 utilis\u00e9, est interdite, sauf autorisation \u00e9crite pr\u00e9alable de : Blandine Schmit.<\/p>\n\n\n\n<p class=\"has-text-align-center\">Toute exploitation non autoris\u00e9e du site ou de l\u2019un quelconque des \u00e9l\u00e9ments qu\u2019il contient sera consid\u00e9r\u00e9e comme constitutive d\u2019une contrefa\u00e7on<br> et poursuivie conform\u00e9ment aux dispositions des articles L.335-2 et suivants du Code de Propri\u00e9t\u00e9 Intellectuelle.<\/p>\n\n\n\n<h4 class=\"wp-block-heading has-text-align-center\"><strong>Cookies<\/strong><\/h4>\n\n\n\n<p class=\"has-text-align-center\">Des cookies peuvent \u00eatre d\u00e9pos\u00e9s sur votre ordinateur afin d\u2019am\u00e9liorer et de personnaliser la navigation. <br>Il est possible de refuser ces cookies en param\u00e9trant votre navigateur. Pour en savoir plus sur le fonctionnement des cookies, <br>vous pouvez lire la page d\u00e9di\u00e9e sur le site de la CNIL : <a href=\"https:\/\/www.cnil.fr\/fr\/cookies-traceurs-que-dit-la-loi\">cliquez ici<\/a>.<\/p>\n\n\n\n<p><\/p>\n\t\t\t\t\t\t\t\t<\/div>\n\t\t\t\t\t<\/div>\n\t\t<\/div>\n\t\t\t\t\t<\/div>\n\t\t<\/section>\n\t\t\t\t<\/div>","protected":false},"excerpt":{"rendered":"<p>Editeur du site Blandine Schmit 1 Chemin Victor Forquenaux 51140 Bouvancourt &#8211; Franceschmit.blandine@gmail.com \u2013 SIRET 892 928 656 00016 H\u00e9bergeur OVH 2 rue Kellermann 59100 Roubaix &#8211; France Conditions g\u00e9n\u00e9rales d\u2019utilisation du site et des services propos\u00e9s Le Site constitue une \u0153uvre de l\u2019esprit prot\u00e9g\u00e9e par les dispositions du Code de la Propri\u00e9t\u00e9 Intellectuelle et [&hellip;]<\/p>","protected":false},"author":1,"featured_media":0,"parent":0,"menu_order":6,"comment_status":"closed","ping_status":"closed","template":"","meta":{"site-sidebar-layout":"default","site-content-layout":"","ast-site-content-layout":"default","site-content-style":"default","site-sidebar-style":"default","ast-global-header-display":"","ast-banner-title-visibility":"","ast-main-header-display":"","ast-hfb-above-header-display":"","ast-hfb-below-header-display":"","ast-hfb-mobile-header-display":"","site-post-title":"","ast-breadcrumbs-content":"","ast-featured-img":"","footer-sml-layout":"","ast-disable-related-posts":"","theme-transparent-header-meta":"","adv-header-id-meta":"","stick-header-meta":"","header-above-stick-meta":"","header-main-stick-meta":"","header-below-stick-meta":"","astra-migrate-meta-layouts":"default","ast-page-background-enabled":"default","ast-page-background-meta":{"desktop":{"background-color":"var(--ast-global-color-4)","background-image":"","background-repeat":"repeat","background-position":"center center","background-size":"auto","background-attachment":"scroll","background-type":"","background-media":"","overlay-type":"","overlay-color":"","overlay-opacity":"","overlay-gradient":""},"tablet":{"background-color":"","background-image":"","background-repeat":"repeat","background-position":"center center","background-size":"auto","background-attachment":"scroll","background-type":"","background-media":"","overlay-type":"","overlay-color":"","overlay-opacity":"","overlay-gradient":""},"mobile":{"background-color":"","background-image":"","background-repeat":"repeat","background-position":"center center","background-size":"auto","background-attachment":"scroll","background-type":"","background-media":"","overlay-type":"","overlay-color":"","overlay-opacity":"","overlay-gradient":""}},"ast-content-background-meta":{"desktop":{"background-color":"var(--ast-global-color-5)","background-image":"","background-repeat":"repeat","background-position":"center center","background-size":"auto","background-attachment":"scroll","background-type":"","background-media":"","overlay-type":"","overlay-color":"","overlay-opacity":"","overlay-gradient":""},"tablet":{"background-color":"var(--ast-global-color-5)","background-image":"","background-repeat":"repeat","background-position":"center center","background-size":"auto","background-attachment":"scroll","background-type":"","background-media":"","overlay-type":"","overlay-color":"","overlay-opacity":"","overlay-gradient":""},"mobile":{"background-color":"var(--ast-global-color-5)","background-image":"","background-repeat":"repeat","background-position":"center center","background-size":"auto","background-attachment":"scroll","background-type":"","background-media":"","overlay-type":"","overlay-color":"","overlay-opacity":"","overlay-gradient":""}},"footnotes":""},"class_list":["post-88","page","type-page","status-publish","hentry"],"yoast_head":"<!-- This site is optimized with the Yoast SEO plugin v27.4 - https:\/\/yoast.com\/product\/yoast-seo-wordpress\/ -->\n<title>Mentions l\u00e9gales - Blandine Schmit<\/title>\n<meta name=\"robots\" content=\"noindex, nofollow\" \/>\n<meta property=\"og:locale\" content=\"en_GB\" \/>\n<meta property=\"og:type\" content=\"article\" \/>\n<meta property=\"og:title\" content=\"Mentions l\u00e9gales - Blandine Schmit\" \/>\n<meta property=\"og:description\" content=\"Editeur du site Blandine Schmit 1 Chemin Victor Forquenaux 51140 Bouvancourt &#8211; Franceschmit.blandine@gmail.com \u2013 SIRET 892 928 656 00016 H\u00e9bergeur OVH 2 rue Kellermann 59100 Roubaix &#8211; France Conditions g\u00e9n\u00e9rales d\u2019utilisation du site et des services propos\u00e9s Le Site constitue une \u0153uvre de l\u2019esprit prot\u00e9g\u00e9e par les dispositions du Code de la Propri\u00e9t\u00e9 Intellectuelle et [&hellip;]\" \/>\n<meta property=\"og:url\" content=\"https:\/\/www.blandineschmit.fr\/en\/mentions-legales\/\" \/>\n<meta property=\"og:site_name\" content=\"Blandine Schmit\" \/>\n<meta property=\"article:publisher\" content=\"https:\/\/www.facebook.com\/BlandineSchmitCreatrice\/\" \/>\n<meta property=\"article:modified_time\" content=\"2026-01-15T13:41:46+00:00\" \/>\n<meta name=\"twitter:card\" content=\"summary_large_image\" \/>\n<meta name=\"twitter:label1\" content=\"Estimated reading time\" \/>\n\t<meta name=\"twitter:data1\" content=\"2 minutes\" \/>\n<script type=\"application\/ld+json\" class=\"yoast-schema-graph\">{\"@context\":\"https:\\\/\\\/schema.org\",\"@graph\":[{\"@type\":\"WebPage\",\"@id\":\"https:\\\/\\\/www.blandineschmit.fr\\\/mentions-legales\\\/\",\"url\":\"https:\\\/\\\/www.blandineschmit.fr\\\/mentions-legales\\\/\",\"name\":\"Mentions l\u00e9gales - Blandine Schmit\",\"isPartOf\":{\"@id\":\"https:\\\/\\\/www.blandineschmit.fr\\\/#website\"},\"datePublished\":\"2022-03-06T16:30:42+00:00\",\"dateModified\":\"2026-01-15T13:41:46+00:00\",\"breadcrumb\":{\"@id\":\"https:\\\/\\\/www.blandineschmit.fr\\\/mentions-legales\\\/#breadcrumb\"},\"inLanguage\":\"en-GB\",\"potentialAction\":[{\"@type\":\"ReadAction\",\"target\":[\"https:\\\/\\\/www.blandineschmit.fr\\\/mentions-legales\\\/\"]}]},{\"@type\":\"BreadcrumbList\",\"@id\":\"https:\\\/\\\/www.blandineschmit.fr\\\/mentions-legales\\\/#breadcrumb\",\"itemListElement\":[{\"@type\":\"ListItem\",\"position\":1,\"name\":\"Accueil\",\"item\":\"https:\\\/\\\/www.blandineschmit.fr\\\/\"},{\"@type\":\"ListItem\",\"position\":2,\"name\":\"Mentions l\u00e9gales\"}]},{\"@type\":\"WebSite\",\"@id\":\"https:\\\/\\\/www.blandineschmit.fr\\\/#website\",\"url\":\"https:\\\/\\\/www.blandineschmit.fr\\\/\",\"name\":\"Blandine Schmit | Communication, graphisme & illustration - Reims\",\"description\":\"J&#039;accompagne les vignerons ambitieux vers une strat\u00e9gie cr\u00e9ative : Branding \u2022 Packaging \u2022 Illustration \u2022 Site web \u2022 R\u00e9seaux \u2022 Photo\",\"publisher\":{\"@id\":\"https:\\\/\\\/www.blandineschmit.fr\\\/#organization\"},\"potentialAction\":[{\"@type\":\"SearchAction\",\"target\":{\"@type\":\"EntryPoint\",\"urlTemplate\":\"https:\\\/\\\/www.blandineschmit.fr\\\/?s={search_term_string}\"},\"query-input\":{\"@type\":\"PropertyValueSpecification\",\"valueRequired\":true,\"valueName\":\"search_term_string\"}}],\"inLanguage\":\"en-GB\"},{\"@type\":\"Organization\",\"@id\":\"https:\\\/\\\/www.blandineschmit.fr\\\/#organization\",\"name\":\"Blandine Schmit\",\"url\":\"https:\\\/\\\/www.blandineschmit.fr\\\/\",\"logo\":{\"@type\":\"ImageObject\",\"inLanguage\":\"en-GB\",\"@id\":\"https:\\\/\\\/www.blandineschmit.fr\\\/#\\\/schema\\\/logo\\\/image\\\/\",\"url\":\"https:\\\/\\\/www.blandineschmit.fr\\\/wp-content\\\/uploads\\\/2022\\\/04\\\/logo-Blandine-schmit.png\",\"contentUrl\":\"https:\\\/\\\/www.blandineschmit.fr\\\/wp-content\\\/uploads\\\/2022\\\/04\\\/logo-Blandine-schmit.png\",\"width\":2000,\"height\":2000,\"caption\":\"Blandine Schmit\"},\"image\":{\"@id\":\"https:\\\/\\\/www.blandineschmit.fr\\\/#\\\/schema\\\/logo\\\/image\\\/\"},\"sameAs\":[\"https:\\\/\\\/www.facebook.com\\\/BlandineSchmitCreatrice\\\/\",\"https:\\\/\\\/www.instagram.com\\\/blandineschmitcreatrice\\\/\",\"https:\\\/\\\/www.linkedin.com\\\/company\\\/blandine-schmit\\\/\",\"https:\\\/\\\/www.pinterest.fr\\\/blandineschmitcreatrice\\\/\"]}]}<\/script>\n<!-- \/ Yoast SEO plugin. -->","yoast_head_json":{"title":"Mentions l\u00e9gales - Blandine Schmit","robots":{"index":"noindex","follow":"nofollow"},"og_locale":"en_GB","og_type":"article","og_title":"Mentions l\u00e9gales - Blandine Schmit","og_description":"Editeur du site Blandine Schmit 1 Chemin Victor Forquenaux 51140 Bouvancourt &#8211; Franceschmit.blandine@gmail.com \u2013 SIRET 892 928 656 00016 H\u00e9bergeur OVH 2 rue Kellermann 59100 Roubaix &#8211; France Conditions g\u00e9n\u00e9rales d\u2019utilisation du site et des services propos\u00e9s Le Site constitue une \u0153uvre de l\u2019esprit prot\u00e9g\u00e9e par les dispositions du Code de la Propri\u00e9t\u00e9 Intellectuelle et [&hellip;]","og_url":"https:\/\/www.blandineschmit.fr\/en\/mentions-legales\/","og_site_name":"Blandine Schmit","article_publisher":"https:\/\/www.facebook.com\/BlandineSchmitCreatrice\/","article_modified_time":"2026-01-15T13:41:46+00:00","twitter_card":"summary_large_image","twitter_misc":{"Estimated reading time":"2 minutes"},"schema":{"@context":"https:\/\/schema.org","@graph":[{"@type":"WebPage","@id":"https:\/\/www.blandineschmit.fr\/mentions-legales\/","url":"https:\/\/www.blandineschmit.fr\/mentions-legales\/","name":"Mentions l\u00e9gales - Blandine Schmit","isPartOf":{"@id":"https:\/\/www.blandineschmit.fr\/#website"},"datePublished":"2022-03-06T16:30:42+00:00","dateModified":"2026-01-15T13:41:46+00:00","breadcrumb":{"@id":"https:\/\/www.blandineschmit.fr\/mentions-legales\/#breadcrumb"},"inLanguage":"en-GB","potentialAction":[{"@type":"ReadAction","target":["https:\/\/www.blandineschmit.fr\/mentions-legales\/"]}]},{"@type":"BreadcrumbList","@id":"https:\/\/www.blandineschmit.fr\/mentions-legales\/#breadcrumb","itemListElement":[{"@type":"ListItem","position":1,"name":"Accueil","item":"https:\/\/www.blandineschmit.fr\/"},{"@type":"ListItem","position":2,"name":"Mentions l\u00e9gales"}]},{"@type":"WebSite","@id":"https:\/\/www.blandineschmit.fr\/#website","url":"https:\/\/www.blandineschmit.fr\/","name":"Blandine Schmit | Communication, graphisme & illustration - Reims","description":"J&#039;accompagne les vignerons ambitieux vers une strat\u00e9gie cr\u00e9ative : Branding \u2022 Packaging \u2022 Illustration \u2022 Site web \u2022 R\u00e9seaux \u2022 Photo","publisher":{"@id":"https:\/\/www.blandineschmit.fr\/#organization"},"potentialAction":[{"@type":"SearchAction","target":{"@type":"EntryPoint","urlTemplate":"https:\/\/www.blandineschmit.fr\/?s={search_term_string}"},"query-input":{"@type":"PropertyValueSpecification","valueRequired":true,"valueName":"search_term_string"}}],"inLanguage":"en-GB"},{"@type":"Organization","@id":"https:\/\/www.blandineschmit.fr\/#organization","name":"Blandine Schmit","url":"https:\/\/www.blandineschmit.fr\/","logo":{"@type":"ImageObject","inLanguage":"en-GB","@id":"https:\/\/www.blandineschmit.fr\/#\/schema\/logo\/image\/","url":"https:\/\/www.blandineschmit.fr\/wp-content\/uploads\/2022\/04\/logo-Blandine-schmit.png","contentUrl":"https:\/\/www.blandineschmit.fr\/wp-content\/uploads\/2022\/04\/logo-Blandine-schmit.png","width":2000,"height":2000,"caption":"Blandine Schmit"},"image":{"@id":"https:\/\/www.blandineschmit.fr\/#\/schema\/logo\/image\/"},"sameAs":["https:\/\/www.facebook.com\/BlandineSchmitCreatrice\/","https:\/\/www.instagram.com\/blandineschmitcreatrice\/","https:\/\/www.linkedin.com\/company\/blandine-schmit\/","https:\/\/www.pinterest.fr\/blandineschmitcreatrice\/"]}]}},"jetpack_sharing_enabled":true,"jetpack_shortlink":"https:\/\/wp.me\/PgseMR-1q","_links":{"self":[{"href":"https:\/\/www.blandineschmit.fr\/en\/wp-json\/wp\/v2\/pages\/88","targetHints":{"allow":["GET"]}}],"collection":[{"href":"https:\/\/www.blandineschmit.fr\/en\/wp-json\/wp\/v2\/pages"}],"about":[{"href":"https:\/\/www.blandineschmit.fr\/en\/wp-json\/wp\/v2\/types\/page"}],"author":[{"embeddable":true,"href":"https:\/\/www.blandineschmit.fr\/en\/wp-json\/wp\/v2\/users\/1"}],"replies":[{"embeddable":true,"href":"https:\/\/www.blandineschmit.fr\/en\/wp-json\/wp\/v2\/comments?post=88"}],"version-history":[{"count":3,"href":"https:\/\/www.blandineschmit.fr\/en\/wp-json\/wp\/v2\/pages\/88\/revisions"}],"predecessor-version":[{"id":4066,"href":"https:\/\/www.blandineschmit.fr\/en\/wp-json\/wp\/v2\/pages\/88\/revisions\/4066"}],"wp:attachment":[{"href":"https:\/\/www.blandineschmit.fr\/en\/wp-json\/wp\/v2\/media?parent=88"}],"curies":[{"name":"wp","href":"https:\/\/api.w.org\/{rel}","templated":true}]}}